{"id":8,"date":"2024-10-01T21:50:11","date_gmt":"2024-10-02T00:50:11","guid":{"rendered":"http:\/\/institutoconteudodigital.com.br\/?page_id=8"},"modified":"2024-10-01T22:18:11","modified_gmt":"2024-10-02T01:18:11","slug":"home","status":"publish","type":"page","link":"http:\/\/institutoconteudodigital.com.br\/","title":{"rendered":"Home"},"content":{"rendered":"\n<div class=\"wp-block-cover alignfull is-light\" style=\"min-height:720px;aspect-ratio:unset;\"><span aria-hidden=\"true\" class=\"wp-block-cover__background has-background-dim-100 has-background-dim has-background-gradient\" style=\"background:linear-gradient(35deg,rgb(6,0,151) 0%,rgb(130,4,255) 73%,rgb(193,15,255) 100%)\"><\/span><div class=\"wp-block-cover__inner-container is-layout-flow wp-block-cover-is-layout-flow\">\n<div class=\"inherit-container-width wp-block-group alignwide is-layout-constrained wp-block-group-is-layout-constrained\">\n<div class=\"wp-block-media-text alignwide has-media-on-the-right is-stacked-on-mobile is-vertically-aligned-center\" style=\"grid-template-columns:auto 43%\"><div class=\"wp-block-media-text__content\">\n<h1 class=\"wp-block-heading has-text-align-left has-white-color has-text-color\">Conte\u00fado de alto impacto<\/h1>\n\n\n\n<p>Nossos cursos v\u00e3o transformar sua vida. H\u00e1 uma criteriosa sele\u00e7\u00e3o de cursos pra te ajudar e evoluir em diversas \u00e1reas<\/p>\n\n\n\n<div class=\"wp-block-buttons is-layout-flex wp-block-buttons-is-layout-flex\">\n<div class=\"wp-block-button\"><a class=\"wp-block-button__link wp-element-button\" href=\"#\">confira nosso portif\u00f3lio com grandes oportunidades<\/a><\/div>\n<\/div>\n<\/div><figure class=\"wp-block-media-text__media\"><img decoding=\"async\" src=\"http:\/\/institutoconteudodigital.com.br\/wp-content\/themes\/astra\/inc\/assets\/images\/starter-content\/hero-img.svg\" alt=\"\" class=\"wp-image-118 size-full\"\/><\/figure><\/div>\n<\/div>\n<\/div><\/div>\n\n\n\n<div class=\"wp-block-group alignfull has-ast-global-color-5-background-color has-background is-layout-constrained wp-container-core-group-is-layout-9cedb757 wp-block-group-is-layout-constrained\" style=\"padding-bottom:0px\">\n<div class=\"wp-block-columns are-vertically-aligned-top is-layout-flex wp-container-core-columns-is-layout-00723822 wp-block-columns-is-layout-flex\">\n<div class=\"wp-block-column is-vertically-aligned-top is-layout-flow wp-container-core-column-is-layout-6b73ce23 wp-block-column-is-layout-flow\">\n<figure class=\"wp-block-image size-large\"><img decoding=\"async\" src=\"http:\/\/institutoconteudodigital.com.br\/wp-content\/themes\/astra\/inc\/assets\/images\/starter-content\/building.svg\" alt=\"\" class=\"wp-image-134\"\/><\/figure>\n\n\n\n<h3 class=\"wp-block-heading has-text-align-left\" style=\"margin-top:16px\">Gest\u00e3o<\/h3>\n\n\n\n<p class=\"has-text-align-left\">Administrar neg\u00f3cios pequenos e m\u00e9dios requer muito treinamento e sensibilidade. Aqui voc\u00ea encontrar\u00e1 ferramentar pra te ajudar a vencer.<\/p>\n<\/div>\n\n\n\n<div class=\"wp-block-column is-vertically-aligned-top is-layout-flow wp-container-core-column-is-layout-6b73ce23 wp-block-column-is-layout-flow\">\n<figure class=\"wp-block-image size-large\"><img decoding=\"async\" src=\"http:\/\/institutoconteudodigital.com.br\/wp-content\/themes\/astra\/inc\/assets\/images\/starter-content\/shopping-bag.svg\" alt=\"\" class=\"wp-image-135\"\/><\/figure>\n\n\n\n<h3 class=\"wp-block-heading has-text-align-left\" style=\"margin-top:16px\">Marketing<\/h3>\n\n\n\n<p class=\"has-text-align-left\">No mundo cada vez mais competitivo, vender bem e muito faz toda a diferen\u00e7a. Temos muito conte\u00fado pra voc\u00ea evoluir.<\/p>\n<\/div>\n\n\n\n<div class=\"wp-block-column is-vertically-aligned-top is-layout-flow wp-container-core-column-is-layout-6b73ce23 wp-block-column-is-layout-flow\">\n<figure class=\"wp-block-image size-large\"><img decoding=\"async\" src=\"http:\/\/institutoconteudodigital.com.br\/wp-content\/themes\/astra\/inc\/assets\/images\/starter-content\/blog.svg\" alt=\"\" class=\"wp-image-136\"\/><\/figure>\n\n\n\n<h3 class=\"wp-block-heading has-text-align-left\" style=\"margin-top:16px\">Intelig\u00eancia Artificial<\/h3>\n\n\n\n<p class=\"has-text-align-left\">Encontre cursos atualizados em diversos n\u00edveis sobre essa ferramento multi tarefa que n\u00e3o para de crescer.<\/p>\n<\/div>\n\n\n\n<div class=\"wp-block-column is-vertically-aligned-top is-layout-flow wp-container-core-column-is-layout-6b73ce23 wp-block-column-is-layout-flow\">\n<figure class=\"wp-block-image size-large\"><img decoding=\"async\" src=\"http:\/\/institutoconteudodigital.com.br\/wp-content\/themes\/astra\/inc\/assets\/images\/starter-content\/portfolio.svg\" alt=\"\" class=\"wp-image-137\"\/><\/figure>\n\n\n\n<h3 class=\"wp-block-heading has-text-align-left\" style=\"margin-top:16px\">Sa\u00fade e Desenvolvimento Pessoal<\/h3>\n\n\n\n<p class=\"has-text-align-left\">Mente e alma equilibradas s\u00e3o a fonte do sucesso. Confira nossas oportunidades.<\/p>\n<\/div>\n<\/div>\n<\/div>\n\n\n\n<div class=\"wp-block-group alignfull is-layout-constrained wp-container-core-group-is-layout-45b0ac4f wp-block-group-is-layout-constrained\" id=\"services\" style=\"padding-top:144px;padding-bottom:0px\">\n<h2 class=\"wp-block-heading\">Nossos Servi\u00e7os<\/h2>\n\n\n\n<div class=\"wp-block-columns is-layout-flex wp-container-core-columns-is-layout-60cbf9bb wp-block-columns-is-layout-flex\" style=\"margin-top:50px\">\n<div class=\"wp-block-column is-layout-flow wp-container-core-column-is-layout-6b73ce23 wp-block-column-is-layout-flow\">\n<figure class=\"wp-block-image size-full\"><img loading=\"lazy\" decoding=\"async\" width=\"1024\" height=\"1024\" src=\"http:\/\/institutoconteudodigital.com.br\/wp-content\/uploads\/2024\/10\/DALL\u00b7E-2024-10-01-22.05.43-A-clean-modern-image-representing-the-service-Curadoria-Especializada-de-Cursos-Online.-The-image-should-show-a-team-of-professional-educators-inc.webp\" alt=\"\" class=\"wp-image-33\" srcset=\"http:\/\/institutoconteudodigital.com.br\/wp-content\/uploads\/2024\/10\/DALL\u00b7E-2024-10-01-22.05.43-A-clean-modern-image-representing-the-service-Curadoria-Especializada-de-Cursos-Online.-The-image-should-show-a-team-of-professional-educators-inc.webp 1024w, http:\/\/institutoconteudodigital.com.br\/wp-content\/uploads\/2024\/10\/DALL\u00b7E-2024-10-01-22.05.43-A-clean-modern-image-representing-the-service-Curadoria-Especializada-de-Cursos-Online.-The-image-should-show-a-team-of-professional-educators-inc-300x300.webp 300w, http:\/\/institutoconteudodigital.com.br\/wp-content\/uploads\/2024\/10\/DALL\u00b7E-2024-10-01-22.05.43-A-clean-modern-image-representing-the-service-Curadoria-Especializada-de-Cursos-Online.-The-image-should-show-a-team-of-professional-educators-inc-150x150.webp 150w, http:\/\/institutoconteudodigital.com.br\/wp-content\/uploads\/2024\/10\/DALL\u00b7E-2024-10-01-22.05.43-A-clean-modern-image-representing-the-service-Curadoria-Especializada-de-Cursos-Online.-The-image-should-show-a-team-of-professional-educators-inc-768x768.webp 768w\" sizes=\"auto, (max-width: 1024px) 100vw, 1024px\" \/><\/figure>\n\n\n\n<h3 class=\"wp-block-heading\" style=\"margin-top:16px\">Curadoria Especializada de Cursos Online<\/h3>\n\n\n\n<p>Sele\u00e7\u00e3o criteriosa dos melhores cursos em diversas \u00e1reas, com valida\u00e7\u00e3o feita por mestres e doutores.<\/p>\n<\/div>\n\n\n\n<div class=\"wp-block-column is-layout-flow wp-container-core-column-is-layout-6b73ce23 wp-block-column-is-layout-flow\">\n<figure class=\"wp-block-image size-full\"><img loading=\"lazy\" decoding=\"async\" width=\"1024\" height=\"1024\" src=\"http:\/\/institutoconteudodigital.com.br\/wp-content\/uploads\/2024\/10\/DALL\u00b7E-2024-10-01-22.05.47-A-modern-and-professional-image-representing-the-service-Consultoria-Personalizada-de-Educacao.-The-image-features-an-individual-discussing-their-ed.webp\" alt=\"\" class=\"wp-image-34\" srcset=\"http:\/\/institutoconteudodigital.com.br\/wp-content\/uploads\/2024\/10\/DALL\u00b7E-2024-10-01-22.05.47-A-modern-and-professional-image-representing-the-service-Consultoria-Personalizada-de-Educacao.-The-image-features-an-individual-discussing-their-ed.webp 1024w, http:\/\/institutoconteudodigital.com.br\/wp-content\/uploads\/2024\/10\/DALL\u00b7E-2024-10-01-22.05.47-A-modern-and-professional-image-representing-the-service-Consultoria-Personalizada-de-Educacao.-The-image-features-an-individual-discussing-their-ed-300x300.webp 300w, http:\/\/institutoconteudodigital.com.br\/wp-content\/uploads\/2024\/10\/DALL\u00b7E-2024-10-01-22.05.47-A-modern-and-professional-image-representing-the-service-Consultoria-Personalizada-de-Educacao.-The-image-features-an-individual-discussing-their-ed-150x150.webp 150w, http:\/\/institutoconteudodigital.com.br\/wp-content\/uploads\/2024\/10\/DALL\u00b7E-2024-10-01-22.05.47-A-modern-and-professional-image-representing-the-service-Consultoria-Personalizada-de-Educacao.-The-image-features-an-individual-discussing-their-ed-768x768.webp 768w\" sizes=\"auto, (max-width: 1024px) 100vw, 1024px\" \/><\/figure>\n\n\n\n<h3 class=\"wp-block-heading\" style=\"margin-top:16px\">Consultoria Personalizada de Educa\u00e7\u00e3o<\/h3>\n\n\n\n<p>Indica\u00e7\u00e3o de cursos sob medida para atender as necessidades espec\u00edficas de profissionais e empresas.<\/p>\n<\/div>\n\n\n\n<div class=\"wp-block-column is-layout-flow wp-container-core-column-is-layout-6b73ce23 wp-block-column-is-layout-flow\">\n<figure class=\"wp-block-image size-full\"><img loading=\"lazy\" decoding=\"async\" width=\"1024\" height=\"1024\" src=\"http:\/\/institutoconteudodigital.com.br\/wp-content\/uploads\/2024\/10\/DALL\u00b7E-2024-10-01-22.05.50-A-clean-corporate-image-representing-the-service-Desenvolvimento-de-Parcerias-Educacionais.-The-image-should-show-two-business-professionals-shakin.webp\" alt=\"\" class=\"wp-image-35\" srcset=\"http:\/\/institutoconteudodigital.com.br\/wp-content\/uploads\/2024\/10\/DALL\u00b7E-2024-10-01-22.05.50-A-clean-corporate-image-representing-the-service-Desenvolvimento-de-Parcerias-Educacionais.-The-image-should-show-two-business-professionals-shakin.webp 1024w, http:\/\/institutoconteudodigital.com.br\/wp-content\/uploads\/2024\/10\/DALL\u00b7E-2024-10-01-22.05.50-A-clean-corporate-image-representing-the-service-Desenvolvimento-de-Parcerias-Educacionais.-The-image-should-show-two-business-professionals-shakin-300x300.webp 300w, http:\/\/institutoconteudodigital.com.br\/wp-content\/uploads\/2024\/10\/DALL\u00b7E-2024-10-01-22.05.50-A-clean-corporate-image-representing-the-service-Desenvolvimento-de-Parcerias-Educacionais.-The-image-should-show-two-business-professionals-shakin-150x150.webp 150w, http:\/\/institutoconteudodigital.com.br\/wp-content\/uploads\/2024\/10\/DALL\u00b7E-2024-10-01-22.05.50-A-clean-corporate-image-representing-the-service-Desenvolvimento-de-Parcerias-Educacionais.-The-image-should-show-two-business-professionals-shakin-768x768.webp 768w\" sizes=\"auto, (max-width: 1024px) 100vw, 1024px\" \/><\/figure>\n\n\n\n<h3 class=\"wp-block-heading\" style=\"margin-top:16px\">Desenvolvimento de Parcerias Educacionais<\/h3>\n\n\n\n<p>Ajudar institui\u00e7\u00f5es e empresas a promoverem e selecionarem programas educacionais de alta qualidade, com base na curadoria especializada do instituto.<\/p>\n<\/div>\n<\/div>\n<\/div>\n\n\n\n<div class=\"wp-block-group alignfull has-ast-global-color-5-background-color has-background is-layout-constrained wp-container-core-group-is-layout-94d206d0 wp-block-group-is-layout-constrained\" id=\"about\" style=\"padding-top:143px;padding-bottom:144px\">\n<div class=\"wp-block-media-text has-media-on-the-right is-stacked-on-mobile is-vertically-aligned-center\"><div class=\"wp-block-media-text__content\">\n<div class=\"inherit-container-width wp-block-group is-layout-constrained wp-container-core-group-is-layout-47ce07ec wp-block-group-is-layout-constrained\" style=\"padding-right:80px\">\n<h2 class=\"wp-block-heading\" style=\"padding-right:40px\">Aprendizado de Alto N\u00edvel: Cursos Selecionados por Mestres e Doutores<\/h2>\n\n\n\n<p>Sele\u00e7\u00e3o Rigorosa, Qualidade Garantida: Seu Caminho para o Sucesso Come\u00e7a Aqui<\/p>\n\n\n\n<p>No Instituto Conte\u00fado Digital, voc\u00ea encontra mais que cursos: encontra qualidade, inova\u00e7\u00e3o e seguran\u00e7a. Nosso corpo t\u00e9cnico, composto por mestres e doutores, seleciona criteriosamente os melhores cursos online do mercado. Com expertise acad\u00eamica e profissional, garantimos que cada curso em nosso portf\u00f3lio atenda aos mais altos padr\u00f5es, preparando voc\u00ea para se destacar em qualquer \u00e1rea. Confie em quem entende e invista em conhecimento com quem valoriza resultados!<\/p>\n<\/div>\n<\/div><figure class=\"wp-block-media-text__media\"><img decoding=\"async\" src=\"http:\/\/institutoconteudodigital.com.br\/wp-content\/themes\/astra\/inc\/assets\/images\/starter-content\/about-us.jpg\" alt=\"\" class=\"wp-image-237 size-full\"\/><\/figure><\/div>\n<\/div>\n\n\n\n<div class=\"wp-block-group alignfull has-ast-global-color-4-background-color has-background is-layout-constrained wp-container-core-group-is-layout-6a2cfb7b wp-block-group-is-layout-constrained\" id=\"reviews\">\n<figure class=\"wp-block-image aligncenter size-full\"><img decoding=\"async\" src=\"http:\/\/institutoconteudodigital.com.br\/wp-content\/themes\/astra\/inc\/assets\/images\/starter-content\/avatar.png\" alt=\"\" class=\"wp-image-235\"\/><\/figure>\n\n\n\n<p class=\"has-text-align-center\" style=\"font-size:22px;line-height:1.6\">\u201cEstou completamente impressionado com o Instituto Conte\u00fado Digital! A curadoria dos cursos \u00e9 impec\u00e1vel, e a equipe t\u00e9cnica, formada por mestres e doutores, realmente faz a diferen\u00e7a na qualidade dos conte\u00fados oferecidos. Al\u00e9m disso, a consultoria personalizada foi fundamental para me ajudar a escolher o curso certo para minha carreira. Em poucos dias, j\u00e1 vi um grande impacto no meu aprendizado e nos resultados que estou alcan\u00e7ando. Recomendo de olhos fechados!\u201d<\/p>\n\n\n\n<p class=\"has-text-align-center\"><strong>Walter Ribeiro<\/strong><\/p>\n<\/div>\n\n\n\n<div class=\"wp-block-group alignfull is-layout-constrained wp-container-core-group-is-layout-3fee123f wp-block-group-is-layout-constrained\" id=\"whyus\" style=\"padding-top:144px;padding-bottom:144px\">\n<h2 class=\"wp-block-heading\">Por que nos escolher?<\/h2>\n\n\n\n<div class=\"wp-block-columns is-layout-flex wp-container-core-columns-is-layout-29aadeec wp-block-columns-is-layout-flex\" style=\"margin-top:60px\">\n<div class=\"wp-block-column is-layout-flow wp-container-core-column-is-layout-6b73ce23 wp-block-column-is-layout-flow\">\n<figure class=\"wp-block-image size-large\"><img decoding=\"async\" src=\"http:\/\/institutoconteudodigital.com.br\/wp-content\/themes\/astra\/inc\/assets\/images\/starter-content\/passionate.svg\" alt=\"\" class=\"wp-image-162\"\/><\/figure>\n\n\n\n<h3 class=\"wp-block-heading\" style=\"margin-top:16px\">Apaixonados<\/h3>\n\n\n\n<p>Somos apaixonados por educa\u00e7\u00e3o e comprometidos em oferecer cursos que realmente transformam vidas.<\/p>\n<\/div>\n\n\n\n<div class=\"wp-block-column is-layout-flow wp-container-core-column-is-layout-6b73ce23 wp-block-column-is-layout-flow\">\n<figure class=\"wp-block-image size-large\"><img decoding=\"async\" src=\"http:\/\/institutoconteudodigital.com.br\/wp-content\/themes\/astra\/inc\/assets\/images\/starter-content\/professional.svg\" alt=\"\" class=\"wp-image-163\"\/><\/figure>\n\n\n\n<h3 class=\"wp-block-heading\" style=\"margin-top:16px\">Profissionais<\/h3>\n\n\n\n<p>Nosso time de mestres e doutores garante a qualidade e relev\u00e2ncia de cada curso selecionado.<\/p>\n<\/div>\n\n\n\n<div class=\"wp-block-column is-layout-flow wp-container-core-column-is-layout-6b73ce23 wp-block-column-is-layout-flow\">\n<figure class=\"wp-block-image size-large\"><img decoding=\"async\" src=\"http:\/\/institutoconteudodigital.com.br\/wp-content\/themes\/astra\/inc\/assets\/images\/starter-content\/support.svg\" alt=\"\" class=\"wp-image-164\"\/><\/figure>\n\n\n\n<h3 class=\"wp-block-heading\" style=\"margin-top:16px\">Suporte <\/h3>\n\n\n\n<p>Oferecemos suporte dedicado para ajudar voc\u00ea em cada passo da sua jornada de aprendizado, garantindo uma experi\u00eancia tranquila e eficaz.<\/p>\n<\/div>\n<\/div>\n<\/div>\n\n\n\n<div class=\"wp-block-group alignfull has-background is-layout-constrained wp-container-core-group-is-layout-cfcca693 wp-block-group-is-layout-constrained\" id=\"contact\" style=\"background:linear-gradient(35deg,rgb(6,0,151) 0%,rgb(130,4,255) 64%,rgb(193,15,255) 98%);padding-top:104px;padding-bottom:104px\">\n<h2 class=\"wp-block-heading has-text-align-center has-text-color\" style=\"color:#ffffff\">O conhecimento transforma, e no Instituto Conte\u00fado Digital voc\u00ea encontra o caminho certo para o seu sucesso.<\/h2>\n\n\n\n<div class=\"wp-block-buttons alignwide is-horizontal is-content-justification-center is-layout-flex wp-container-core-buttons-is-layout-bba8380a wp-block-buttons-is-layout-flex\" style=\"margin-top:50px\">\n<div class=\"wp-block-button\"><a class=\"wp-block-button__link wp-element-button\">N\u00e3o perca tempo, escolha um dos nossos cursos selecionados e comece sua jornada rumo \u00e0 excel\u00eancia hoje mesmo!<\/a><\/div>\n<\/div>\n<\/div>\n","protected":false},"excerpt":{"rendered":"<p>Gest\u00e3o Administrar neg\u00f3cios pequenos e m\u00e9dios requer muito treinamento e sensibilidade. Aqui voc\u00ea encontrar\u00e1 ferramentar pra te ajudar a vencer. [&hellip;]<\/p>\n","protected":false},"author":1,"featured_media":0,"parent":0,"menu_order":0,"comment_status":"closed","ping_status":"closed","template":"","meta":{"site-sidebar-layout":"no-sidebar","site-content-layout":"plain-container","ast-site-content-layout":"","site-content-style":"default","site-sidebar-style":"default","ast-global-header-display":"","ast-banner-title-visibility":"","ast-main-header-display":"","ast-hfb-above-header-display":"","ast-hfb-below-header-display":"","ast-hfb-mobile-header-display":"","site-post-title":"disabled","ast-breadcrumbs-content":"","ast-featured-img":"","footer-sml-layout":"","theme-transparent-header-meta":"enabled","adv-header-id-meta":"","stick-header-meta":"","header-above-stick-meta":"","header-main-stick-meta":"","header-below-stick-meta":"","astra-migrate-meta-layouts":"default","ast-page-background-enabled":"default","ast-page-background-meta":{"desktop":{"background-color":"var(--ast-global-color-4)","background-image":"","background-repeat":"repeat","background-position":"center center","background-size":"auto","background-attachment":"scroll","background-type":"","background-media":"","overlay-type":"","overlay-color":"","overlay-opacity":"","overlay-gradient":""},"tablet":{"background-color":"","background-image":"","background-repeat":"repeat","background-position":"center center","background-size":"auto","background-attachment":"scroll","background-type":"","background-media":"","overlay-type":"","overlay-color":"","overlay-opacity":"","overlay-gradient":""},"mobile":{"background-color":"","background-image":"","background-repeat":"repeat","background-position":"center center","background-size":"auto","background-attachment":"scroll","background-type":"","background-media":"","overlay-type":"","overlay-color":"","overlay-opacity":"","overlay-gradient":""}},"ast-content-background-meta":{"desktop":{"background-color":"var(--ast-global-color-5)","background-image":"","background-repeat":"repeat","background-position":"center center","background-size":"auto","background-attachment":"scroll","background-type":"","background-media":"","overlay-type":"","overlay-color":"","overlay-opacity":"","overlay-gradient":""},"tablet":{"background-color":"var(--ast-global-color-5)","background-image":"","background-repeat":"repeat","background-position":"center center","background-size":"auto","background-attachment":"scroll","background-type":"","background-media":"","overlay-type":"","overlay-color":"","overlay-opacity":"","overlay-gradient":""},"mobile":{"background-color":"var(--ast-global-color-5)","background-image":"","background-repeat":"repeat","background-position":"center center","background-size":"auto","background-attachment":"scroll","background-type":"","background-media":"","overlay-type":"","overlay-color":"","overlay-opacity":"","overlay-gradient":""}},"footnotes":""},"class_list":["post-8","page","type-page","status-publish","hentry"],"_links":{"self":[{"href":"http:\/\/institutoconteudodigital.com.br\/index.php?rest_route=\/wp\/v2\/pages\/8","targetHints":{"allow":["GET"]}}],"collection":[{"href":"http:\/\/institutoconteudodigital.com.br\/index.php?rest_route=\/wp\/v2\/pages"}],"about":[{"href":"http:\/\/institutoconteudodigital.com.br\/index.php?rest_route=\/wp\/v2\/types\/page"}],"author":[{"embeddable":true,"href":"http:\/\/institutoconteudodigital.com.br\/index.php?rest_route=\/wp\/v2\/users\/1"}],"replies":[{"embeddable":true,"href":"http:\/\/institutoconteudodigital.com.br\/index.php?rest_route=%2Fwp%2Fv2%2Fcomments&post=8"}],"version-history":[{"count":3,"href":"http:\/\/institutoconteudodigital.com.br\/index.php?rest_route=\/wp\/v2\/pages\/8\/revisions"}],"predecessor-version":[{"id":38,"href":"http:\/\/institutoconteudodigital.com.br\/index.php?rest_route=\/wp\/v2\/pages\/8\/revisions\/38"}],"wp:attachment":[{"href":"http:\/\/institutoconteudodigital.com.br\/index.php?rest_route=%2Fwp%2Fv2%2Fmedia&parent=8"}],"curies":[{"name":"wp","href":"https:\/\/api.w.org\/{rel}","templated":true}]}}